{"id":143,"date":"2016-06-20T07:48:11","date_gmt":"2016-06-20T04:48:11","guid":{"rendered":"http:\/\/sw-themes.com\/porto_dummy\/?page_id=143"},"modified":"2021-07-31T14:40:46","modified_gmt":"2021-07-31T11:40:46","slug":"anasayfa","status":"publish","type":"page","link":"https:\/\/gocolgusu.atauni.edu.tr\/","title":{"rendered":"Ana Sayfa"},"content":{"rendered":"<p>[vc_row wrap_container=&#8221;yes&#8221; el_class=&#8221;home-intro home-intro-dark&#8221;][vc_column][vc_column_text el_class=&#8221;m-b-none&#8221; css=&#8221;.vc_custom_1627730044583{padding-left: 145px !important;}&#8221;]<strong>G\u00d6\u00c7 OLGUSUNUN MODERN ARAP EDEB\u0130YATINA ETK\u0130LER\u0130<\/strong><\/p>\n<p style=\"text-align: center;\"><strong>&#8211; <em class=\"text-color-primary\">SEMPOZYUMU<\/em><\/strong><\/p>\n<p>[\/vc_column_text][\/vc_column][\/vc_row][vc_row][vc_column width=&#8221;1\/3&#8243;][vc_single_image image=&#8221;2506&#8243; img_size=&#8221;large&#8221; css=&#8221;.vc_custom_1627730082030{padding-top: 10px !important;}&#8221;][\/vc_column][vc_column width=&#8221;1\/3&#8243;][vc_column_text css=&#8221;.vc_custom_1627730489929{padding-top: 10px !important;}&#8221;]<\/p>\n<h3 style=\"text-align: center;\"><strong>Sempozyuma \u00c7a\u011fr\u0131<\/strong><\/h3>\n<p>Atat\u00fcrk \u00dcniversitesi Edebiyat Fak\u00fcltesi Arap Dili ve Edebiyat\u0131 B\u00f6l\u00fcm\u00fc taraf\u0131ndan 16-17 Eyl\u00fcl tarihlerinde d\u00fczenlenecek olan \u201cG\u00f6\u00e7 Olgusunun Modern Arap Edebiyat\u0131na Etkileri\u201d konulu uluslararas\u0131 etkinli\u011fe ilgi duyan ve sempozyumda yer alan alt ba\u015fl\u0131klarda \u00e7al\u0131\u015fmalar yapan meslekta\u015flar\u0131m\u0131z\u0131 aram\u0131zda g\u00f6rmekten mutluluk ve onur duyar\u0131z.<\/p>\n<p><strong>Sayg\u0131lar\u0131m\u0131zla,<\/strong><\/p>\n<p><strong>D\u00fczenleme kurulu ad\u0131na<\/strong><\/p>\n<p><strong>Do\u00e7. Dr. \u0130lknur EMEKL\u0130<\/strong><\/p>\n<p><strong>Sempozyum D\u00fczenleme Kurulu Ba\u015fkan\u0131<\/strong><\/p>\n<p>&nbsp;<\/p>\n<p>&nbsp;<\/p>\n<p><strong>\u0130LET\u0130\u015e\u0130M<\/strong><\/p>\n<p>\u0130leti\u015fim Maili: <a href=\"mailto:ataarapdili@atauni.edu.tr\">ataarapdili@atauni.edu.tr<\/a><\/p>\n<p>Genel Sekreter\/Secretary General<\/p>\n<p>Do\u00e7. Dr. Nurullah YILMAZ<\/p>\n<p>Kat\u0131l\u0131m Linki: Join Zoom Meeting: <a href=\"https:\/\/zoom.us\/j\/91448442796\">https:\/\/zoom.us\/j\/91448442796<\/a><\/p>\n<p>Meeting ID: 914 4844 2796<\/p>\n<p>Sempozyum Site Adresi: gocolgusu.atauni.edu.tr[\/vc_column_text][\/vc_column][vc_column width=&#8221;1\/3&#8243;][vc_column_text css=&#8221;.vc_custom_1627731641890{padding-top: 10px !important;}&#8221;]<\/p>\n<h4><strong>D\u00fczenleyen \/ Organizer<\/strong><\/h4>\n<p>Arap Dili ve Edebiyat\u0131 B\u00f6l\u00fcm\u00fc<\/p>\n<h4><strong>\u00d6nemli Tarihler<\/strong><\/h4>\n<ul>\n<li><strong>Konu Ba\u015fl\u0131\u011f\u0131 G\u00f6nderim Tarih:<\/strong> 01.08.2021 \/ 20.08.2021<\/li>\n<li><strong>Bas\u0131ma Haz\u0131r Bildiri G\u00f6nderim Tarihi: <\/strong>01.10.2021 \/20.10.2021<\/li>\n<\/ul>\n<h4 style=\"text-align: left;\"><strong>Sempozyum Ana Ba\u015fl\u0131klar\u0131<\/strong><\/h4>\n<ul>\n<li>Arap Co\u011frafyas\u0131nda g\u00f6\u00e7 olgusunun olu\u015fumuna zemin haz\u0131rlayan etkenler<\/li>\n<li>G\u00f6\u00e7 olgusunun Modern d\u00f6nem Arap dilcileri ve edebiyat\u00e7\u0131lar\u0131 \u00fczerinde b\u0131rakt\u0131\u011f\u0131 olumlu ve olumsuz etkiler<\/li>\n<li>G\u00f6\u00e7le birlikte Arap k\u00fclt\u00fcr ve edebiyat\u0131nda ya\u015fanan de\u011fi\u015fimler<\/li>\n<\/ul>\n<p><strong>Sempozyum kat\u0131l\u0131m \u00fccreti ALINMAMAKTADIR. Sempozyum Pandemi K\u0131s\u0131tlamalar\u0131 Nedeniyle Online olarak ger\u00e7ekle\u015ftirilecektir. <\/strong><br \/>\nSempozyuma ba\u015fvurunuzu bekler, sayg\u0131lar\u0131m\u0131z\u0131 sunar\u0131z.<\/p>\n<p>D\u00fczenleme Kurulu ad\u0131na,<\/p>\n<p><strong>Do\u00e7. Dr. \u0130lknur EMEKL\u0130<\/strong>[\/vc_column_text][\/vc_column][\/vc_row]<\/p>\n","protected":false},"excerpt":{"rendered":"<p>[vc_row wrap_container=&#8221;yes&#8221; el_class=&#8221;home-intro home-intro-dark&#8221;][vc_column][vc_column_text el_class=&#8221;m-b-none&#8221; css=&#8221;.vc_custom_1627730044583{padding-left: 145px !important;}&#8221;]G\u00d6\u00c7 OLGUSUNUN MODERN ARAP EDEB\u0130YATINA ETK\u0130LER\u0130 &#8211; SEMPOZYUMU [\/vc_column_text][\/vc_column][\/vc_row][vc_row][vc_column width=&#8221;1\/3&#8243;][vc_single_image image=&#8221;2506&#8243; img_size=&#8221;large&#8221; css=&#8221;.vc_custom_1627730082030{padding-top: 10px !important;}&#8221;][\/vc_column][vc_column width=&#8221;1\/3&#8243;][vc_column_text css=&#8221;.vc_custom_1627730489929{padding-top: 10px !important;}&#8221;] Sempozyuma \u00c7a\u011fr\u0131 Atat\u00fcrk \u00dcniversitesi Edebiyat Fak\u00fcltesi Arap Dili ve Edebiyat\u0131 B\u00f6l\u00fcm\u00fc taraf\u0131ndan 16-17 Eyl\u00fcl tarihlerinde d\u00fczenlenecek olan \u201cG\u00f6\u00e7 Olgusunun Modern Arap Edebiyat\u0131na Etkileri\u201d konulu uluslararas\u0131 etkinli\u011fe ilgi duyan ve [&hellip;]<\/p>\n","protected":false},"author":1,"featured_media":0,"parent":0,"menu_order":0,"comment_status":"closed","ping_status":"closed","template":"","meta":{"footnotes":""},"class_list":["post-143","page","type-page","status-publish","hentry"],"_links":{"self":[{"href":"https:\/\/gocolgusu.atauni.edu.tr\/index.php?rest_route=\/wp\/v2\/pages\/143","targetHints":{"allow":["GET"]}}],"collection":[{"href":"https:\/\/gocolgusu.atauni.edu.tr\/index.php?rest_route=\/wp\/v2\/pages"}],"about":[{"href":"https:\/\/gocolgusu.atauni.edu.tr\/index.php?rest_route=\/wp\/v2\/types\/page"}],"author":[{"embeddable":true,"href":"https:\/\/gocolgusu.atauni.edu.tr\/index.php?rest_route=\/wp\/v2\/users\/1"}],"replies":[{"embeddable":true,"href":"https:\/\/gocolgusu.atauni.edu.tr\/index.php?rest_route=%2Fwp%2Fv2%2Fcomments&post=143"}],"version-history":[{"count":32,"href":"https:\/\/gocolgusu.atauni.edu.tr\/index.php?rest_route=\/wp\/v2\/pages\/143\/revisions"}],"predecessor-version":[{"id":2514,"href":"https:\/\/gocolgusu.atauni.edu.tr\/index.php?rest_route=\/wp\/v2\/pages\/143\/revisions\/2514"}],"wp:attachment":[{"href":"https:\/\/gocolgusu.atauni.edu.tr\/index.php?rest_route=%2Fwp%2Fv2%2Fmedia&parent=143"}],"curies":[{"name":"wp","href":"https:\/\/api.w.org\/{rel}","templated":true}]}}