{"id":2450,"date":"2021-07-14T09:29:39","date_gmt":"2021-07-14T06:29:39","guid":{"rendered":"https:\/\/gocolgusu.atauni.edu.tr\/?page_id=2450"},"modified":"2021-07-31T14:20:55","modified_gmt":"2021-07-31T11:20:55","slug":"yazim-kurallari","status":"publish","type":"page","link":"https:\/\/gocolgusu.atauni.edu.tr\/?page_id=2450","title":{"rendered":"YAZIM VE YAYIN \u0130LKELER\u0130"},"content":{"rendered":"<p>[vc_row][vc_column][vc_column_text]<\/p>\n<p>Sayfa d\u00fczeni a\u015fa\u011f\u0131da belirtilen hususlara uygun bi\u00e7imde tasarlanmal\u0131d\u0131r:<\/p>\n<p>K\u00e2\u011f\u0131t Boyutu: A4 Dikey<br \/>\u00dcst Kenar Bo\u015fluk: 2,5 cm<br \/>Alt Kenar Bo\u015fluk: 2,5 cm<br \/>Sol Kenar Bo\u015fluk: 2,5 cm<br \/>Sa\u011f Kenar Bo\u015fluk: 2,5 cm<br \/>Yaz\u0131 Tipi: Times New Roman<br \/>Yaz\u0131 Boyutu: Ba\u015fl\u0131k 13 punto (bold) \u2013 \u00d6zet, tam metin ve alt ba\u015fl\u0131klar 12 punto \u2013 dipnot 9 punto<br \/>Paragraf Aral\u0131\u011f\u0131: 6 nk<br \/>Sat\u0131r Aral\u0131\u011f\u0131: Metinde 1.15 sat\u0131r aral\u0131\u011f\u0131, dipnotlarda ise 1 sat\u0131r aral\u0131\u011f\u0131<\/p>\n<p>Kaynak\u00e7a kullan\u0131m\u0131nda APA 7. versiyon yaz\u0131m yay\u0131n ilkeleri esas al\u0131nacakt\u0131r. \u00d6zet metin ve tam metin bildirilerde ayn\u0131 yaz\u0131m kurallar\u0131 ge\u00e7erlidir.<\/p>\n<p>[\/vc_column_text][\/vc_column][\/vc_row]<\/p>\n","protected":false},"excerpt":{"rendered":"<p>[vc_row][vc_column][vc_column_text] Sayfa d\u00fczeni a\u015fa\u011f\u0131da belirtilen hususlara uygun bi\u00e7imde tasarlanmal\u0131d\u0131r: K\u00e2\u011f\u0131t Boyutu: A4 Dikey\u00dcst Kenar Bo\u015fluk: 2,5 cmAlt Kenar Bo\u015fluk: 2,5 cmSol Kenar Bo\u015fluk: 2,5 cmSa\u011f Kenar Bo\u015fluk: 2,5 cmYaz\u0131 Tipi: Times New RomanYaz\u0131 Boyutu: Ba\u015fl\u0131k 13 punto (bold) \u2013 \u00d6zet, tam metin ve alt ba\u015fl\u0131klar 12 punto \u2013 dipnot 9 puntoParagraf Aral\u0131\u011f\u0131: 6 nkSat\u0131r Aral\u0131\u011f\u0131: [&hellip;]<\/p>\n","protected":false},"author":1,"featured_media":0,"parent":0,"menu_order":0,"comment_status":"closed","ping_status":"closed","template":"","meta":{"footnotes":""},"class_list":["post-2450","page","type-page","status-publish","hentry"],"_links":{"self":[{"href":"https:\/\/gocolgusu.atauni.edu.tr\/index.php?rest_route=\/wp\/v2\/pages\/2450","targetHints":{"allow":["GET"]}}],"collection":[{"href":"https:\/\/gocolgusu.atauni.edu.tr\/index.php?rest_route=\/wp\/v2\/pages"}],"about":[{"href":"https:\/\/gocolgusu.atauni.edu.tr\/index.php?rest_route=\/wp\/v2\/types\/page"}],"author":[{"embeddable":true,"href":"https:\/\/gocolgusu.atauni.edu.tr\/index.php?rest_route=\/wp\/v2\/users\/1"}],"replies":[{"embeddable":true,"href":"https:\/\/gocolgusu.atauni.edu.tr\/index.php?rest_route=%2Fwp%2Fv2%2Fcomments&post=2450"}],"version-history":[{"count":5,"href":"https:\/\/gocolgusu.atauni.edu.tr\/index.php?rest_route=\/wp\/v2\/pages\/2450\/revisions"}],"predecessor-version":[{"id":2511,"href":"https:\/\/gocolgusu.atauni.edu.tr\/index.php?rest_route=\/wp\/v2\/pages\/2450\/revisions\/2511"}],"wp:attachment":[{"href":"https:\/\/gocolgusu.atauni.edu.tr\/index.php?rest_route=%2Fwp%2Fv2%2Fmedia&parent=2450"}],"curies":[{"name":"wp","href":"https:\/\/api.w.org\/{rel}","templated":true}]}}