{"id":2452,"date":"2021-07-14T09:30:14","date_gmt":"2021-07-14T06:30:14","guid":{"rendered":"https:\/\/gocolgusu.atauni.edu.tr\/?page_id=2452"},"modified":"2021-07-31T14:20:30","modified_gmt":"2021-07-31T11:20:30","slug":"bilimkurulu","status":"publish","type":"page","link":"https:\/\/gocolgusu.atauni.edu.tr\/?page_id=2452","title":{"rendered":"B\u0130L\u0130M KURULU"},"content":{"rendered":"<p>[vc_row][vc_column][vc_column_text]<\/p>\n<p><strong>Bilim Kurulu\/Scientific Committe<\/strong><\/p>\n<p>Prof. Dr. Mehmet YAVUZ, \u0130stanbul \u00dcniversitesi, T\u00fcrkiye<\/p>\n<p>Prof. Dr. Musa YILDIZ, Gazi \u00dcniversitesi, T\u00dcRK\u0130YE<\/p>\n<p>Prof. Dr. H\u00fcseyin ELMALI, Ayd\u0131n \u00dcniversitesi, T\u00dcRK\u0130YE<\/p>\n<p>Prof. Dr. Muhammed Abd\u00fcllatif HER\u0130D\u0130, Ayn \u015eems \u00dcniversitesi, MISIR<\/p>\n<p>Prof. Dr. \u0130brahim YILMAZ, Atat\u00fcrk \u00dcniversitesi, T\u00dcRK\u0130YE<\/p>\n<p>Prof. Dr. Mehmet \u015eirin \u00c7IKAR, Y\u00fcz\u00fcnc\u00fc Y\u0131l \u00dcniversitesi, T\u00dcRK\u0130YE<\/p>\n<p>Prof. Dr. Abdulaziz Muhammed AVADALLAH, Ezher \u00dcniversitesi, MISIR<\/p>\n<p>Prof. Dr. M. Faruk TOPRAK, Ankara \u00dcniversitesi, T\u00dcRK\u0130YE<\/p>\n<p>Prof. Dr. Aysel ERG\u00dcL KESK\u0130N, Ayd\u0131n \u00dcniversitesi, T\u00dcRK\u0130YE<\/p>\n<p>Do\u00e7. Dr. \u0130brahim \u015eABAN, \u0130stanbul \u00dcniversitesi, T\u00dcRK\u0130YE<\/p>\n<p>Dr. \u00d6\u011fr. \u00dcyesi Ahmet Hamdi CAN, Karamano\u011flu Mehmet Bey \u00dcniversitesi, T\u00dcRK\u0130YE<\/p>\n<p>Dr. \u00d6\u011fr. \u00dcyesi Eid Fathi ABDULLATIF, Bayburt \u00dcniversitesi, T\u00dcRK\u0130YE<\/p>\n<p>[\/vc_column_text][\/vc_column][\/vc_row]<\/p>\n","protected":false},"excerpt":{"rendered":"<p>[vc_row][vc_column][vc_column_text] Bilim Kurulu\/Scientific Committe Prof. Dr. Mehmet YAVUZ, \u0130stanbul \u00dcniversitesi, T\u00fcrkiye Prof. Dr. Musa YILDIZ, Gazi \u00dcniversitesi, T\u00dcRK\u0130YE Prof. Dr. H\u00fcseyin ELMALI, Ayd\u0131n \u00dcniversitesi, T\u00dcRK\u0130YE Prof. Dr. Muhammed Abd\u00fcllatif HER\u0130D\u0130, Ayn \u015eems \u00dcniversitesi, MISIR Prof. Dr. \u0130brahim YILMAZ, Atat\u00fcrk \u00dcniversitesi, T\u00dcRK\u0130YE Prof. Dr. Mehmet \u015eirin \u00c7IKAR, Y\u00fcz\u00fcnc\u00fc Y\u0131l \u00dcniversitesi, T\u00dcRK\u0130YE Prof. Dr. Abdulaziz Muhammed AVADALLAH, [&hellip;]<\/p>\n","protected":false},"author":1,"featured_media":0,"parent":0,"menu_order":0,"comment_status":"closed","ping_status":"closed","template":"","meta":{"footnotes":""},"class_list":["post-2452","page","type-page","status-publish","hentry"],"_links":{"self":[{"href":"https:\/\/gocolgusu.atauni.edu.tr\/index.php?rest_route=\/wp\/v2\/pages\/2452","targetHints":{"allow":["GET"]}}],"collection":[{"href":"https:\/\/gocolgusu.atauni.edu.tr\/index.php?rest_route=\/wp\/v2\/pages"}],"about":[{"href":"https:\/\/gocolgusu.atauni.edu.tr\/index.php?rest_route=\/wp\/v2\/types\/page"}],"author":[{"embeddable":true,"href":"https:\/\/gocolgusu.atauni.edu.tr\/index.php?rest_route=\/wp\/v2\/users\/1"}],"replies":[{"embeddable":true,"href":"https:\/\/gocolgusu.atauni.edu.tr\/index.php?rest_route=%2Fwp%2Fv2%2Fcomments&post=2452"}],"version-history":[{"count":5,"href":"https:\/\/gocolgusu.atauni.edu.tr\/index.php?rest_route=\/wp\/v2\/pages\/2452\/revisions"}],"predecessor-version":[{"id":2510,"href":"https:\/\/gocolgusu.atauni.edu.tr\/index.php?rest_route=\/wp\/v2\/pages\/2452\/revisions\/2510"}],"wp:attachment":[{"href":"https:\/\/gocolgusu.atauni.edu.tr\/index.php?rest_route=%2Fwp%2Fv2%2Fmedia&parent=2452"}],"curies":[{"name":"wp","href":"https:\/\/api.w.org\/{rel}","templated":true}]}}